{"id":22542,"date":"2023-07-25T16:43:26","date_gmt":"2023-07-25T15:43:26","guid":{"rendered":"https:\/\/www.lebouchonprovencal.com\/?page_id=22542"},"modified":"2023-07-25T16:48:23","modified_gmt":"2023-07-25T15:48:23","slug":"mentions-legales","status":"publish","type":"page","link":"https:\/\/www.lebouchonprovencal.com\/it\/mentions-legales\/","title":{"rendered":"Informazioni legali"},"content":{"rendered":"<div data-elementor-type=\"wp-page\" data-elementor-id=\"22542\" class=\"elementor elementor-22542\" data-elementor-post-type=\"page\">\n\t\t\t\t\t\t<section class=\"elementor-section elementor-top-section elementor-element elementor-element-a0639f8 elementor-section-full_width elementor-section-height-min-height elementor-section-items-stretch elementor-section-height-default\" data-id=\"a0639f8\" data-element_type=\"section\" data-e-type=\"section\">\n\t\t\t\t\t\t<div class=\"elementor-container elementor-column-gap-no\">\n\t\t\t\t\t<div class=\"elementor-column elementor-col-100 elementor-top-column elementor-element elementor-element-e6437d1\" data-id=\"e6437d1\" data-element_type=\"column\" data-e-type=\"column\" data-settings=\"{&quot;background_background&quot;:&quot;classic&quot;}\">\n\t\t\t<div class=\"elementor-widget-wrap elementor-element-populated\">\n\t\t\t\t\t\t<div class=\"elementor-element elementor-element-3cd0bf0 elementor-widget elementor-widget-heading\" data-id=\"3cd0bf0\" data-element_type=\"widget\" data-e-type=\"widget\" data-widget_type=\"heading.default\">\n\t\t\t\t<div class=\"elementor-widget-container\">\n\t\t\t\t\t<h1 class=\"elementor-heading-title elementor-size-default\">Informazioni legali<\/h1>\t\t\t\t<\/div>\n\t\t\t\t<\/div>\n\t\t\t\t\t<\/div>\n\t\t<\/div>\n\t\t\t\t\t<\/div>\n\t\t<\/section>\n\t\t\t\t<section class=\"elementor-section elementor-top-section elementor-element elementor-element-c82f559 elementor-section-full_width elementor-section-height-min-height elementor-section-items-stretch elementor-section-height-default\" data-id=\"c82f559\" data-element_type=\"section\" data-e-type=\"section\">\n\t\t\t\t\t\t<div class=\"elementor-container elementor-column-gap-no\">\n\t\t\t\t\t<div class=\"elementor-column elementor-col-100 elementor-top-column elementor-element elementor-element-0c9a319\" data-id=\"0c9a319\" data-element_type=\"column\" data-e-type=\"column\" data-settings=\"{&quot;background_background&quot;:&quot;classic&quot;}\">\n\t\t\t<div class=\"elementor-widget-wrap elementor-element-populated\">\n\t\t\t\t\t\t<div class=\"elementor-element elementor-element-5e7fd8c elementor-widget__width-initial elementor-widget elementor-widget-text-editor\" data-id=\"5e7fd8c\" data-element_type=\"widget\" data-e-type=\"widget\" data-widget_type=\"text-editor.default\">\n\t\t\t\t<div class=\"elementor-widget-container\">\n\t\t\t\t\t\t\t\t\t<p>L'azienda:<br>Nome dell'azienda: Le Bouchon Provencal<br>Indirizzo della sede centrale: 6 Pl. aux Huiles, 13001 Marsiglia<br>Numero di telefono: 04 91 33 44 92<br>Numero Siret: 53509883400018<\/p>\n<p>Ospite<br>Azienda KINSTA<\/p>\n<p>8605 Santa Monica Blvd #92581, West Hollywood, CA 90069, USA. Tel: +44 20 3239 3173. https:\/\/kinsta.com\/<\/p>\n<p>CNIL<br>Il Bouchon Provenzale<\/p>\n<p>\"Le informazioni raccolte sono trattate allo scopo di contattare gli utenti di Internet. I destinatari dei dati sono :&nbsp;<span style=\"background-color: var( --e-global-color-astglobalcolor5 );\">Il Bouchon Provenzale<\/span><\/p><p><span style=\"background-color: var( --e-global-color-astglobalcolor5 ); color: var(--ast-global-color-3); font-style: inherit; font-weight: inherit;\">Ai sensi della legge francese sulla protezione dei dati personali del 6 gennaio 1978, modificata nel 2004, l'utente ha il diritto di accedere e rettificare le informazioni in suo possesso e pu\u00f2 esercitare tale diritto contattando il ristorante al numero&nbsp;<\/span><span style=\"background-color: var( --e-global-color-astglobalcolor5 );\">Sughero provenzale<\/span><\/p>\n<p><span style=\"background-color: var( --e-global-color-astglobalcolor5 ); color: var(--ast-global-color-3); font-style: inherit; font-weight: inherit;\">Potete anche, per motivi legittimi, opporvi al trattamento dei vostri dati.<\/span><br><\/p>\t\t\t\t\t\t\t\t<\/div>\n\t\t\t\t<\/div>\n\t\t\t\t\t<\/div>\n\t\t<\/div>\n\t\t\t\t\t<\/div>\n\t\t<\/section>\n\t\t\t\t<\/div>","protected":false},"excerpt":{"rendered":"<p>Mentions l\u00e9gales Entreprise :Raison sociale :Le Bouchon ProvencalAdresse si\u00e8ge social : 6 Pl. aux Huiles, 13001 MarseilleNum\u00e9ro de t\u00e9l\u00e9phone : 04 91 33 44 92Num\u00e9ro de siret : 53509883400018 H\u00e9bergeurSoci\u00e9t\u00e9 KINSTA 8605 Santa Monica Blvd #92581, West Hollywood, CA 90069, Etats-Unis. T\u00e9l : +44 20 3239 3173. https:\/\/kinsta.com\/ CNILLe Bouchon Provencal \u00ab Les informations recueillies [&hellip;]<\/p>\n","protected":false},"author":1,"featured_media":0,"parent":0,"menu_order":0,"comment_status":"closed","ping_status":"closed","template":"","meta":{"site-sidebar-layout":"no-sidebar","site-content-layout":"page-builder","ast-site-content-layout":"","site-content-style":"default","site-sidebar-style":"default","ast-global-header-display":"","ast-banner-title-visibility":"","ast-main-header-display":"","ast-hfb-above-header-display":"","ast-hfb-below-header-display":"","ast-hfb-mobile-header-display":"","site-post-title":"disabled","ast-breadcrumbs-content":"","ast-featured-img":"disabled","footer-sml-layout":"","theme-transparent-header-meta":"enabled","adv-header-id-meta":"","stick-header-meta":"","header-above-stick-meta":"","header-main-stick-meta":"","header-below-stick-meta":"","astra-migrate-meta-layouts":"default","ast-page-background-enabled":"default","ast-page-background-meta":{"desktop":{"background-color":"var(--ast-global-color-4)","background-image":"","background-repeat":"repeat","background-position":"center center","background-size":"auto","background-attachment":"scroll","background-type":"","background-media":"","overlay-type":"","overlay-color":"","overlay-opacity":"","overlay-gradient":""},"tablet":{"background-color":"","background-image":"","background-repeat":"repeat","background-position":"center center","background-size":"auto","background-attachment":"scroll","background-type":"","background-media":"","overlay-type":"","overlay-color":"","overlay-opacity":"","overlay-gradient":""},"mobile":{"background-color":"","background-image":"","background-repeat":"repeat","background-position":"center center","background-size":"auto","background-attachment":"scroll","background-type":"","background-media":"","overlay-type":"","overlay-color":"","overlay-opacity":"","overlay-gradient":""}},"ast-content-background-meta":{"desktop":{"background-color":"var(--ast-global-color-5)","background-image":"","background-repeat":"repeat","background-position":"center center","background-size":"auto","background-attachment":"scroll","background-type":"","background-media":"","overlay-type":"","overlay-color":"","overlay-opacity":"","overlay-gradient":""},"tablet":{"background-color":"var(--ast-global-color-5)","background-image":"","background-repeat":"repeat","background-position":"center center","background-size":"auto","background-attachment":"scroll","background-type":"","background-media":"","overlay-type":"","overlay-color":"","overlay-opacity":"","overlay-gradient":""},"mobile":{"background-color":"var(--ast-global-color-5)","background-image":"","background-repeat":"repeat","background-position":"center center","background-size":"auto","background-attachment":"scroll","background-type":"","background-media":"","overlay-type":"","overlay-color":"","overlay-opacity":"","overlay-gradient":""}},"footnotes":""},"class_list":["post-22542","page","type-page","status-publish","hentry"],"yoast_head":"<!-- This site is optimized with the Yoast SEO plugin v27.3 - https:\/\/yoast.com\/product\/yoast-seo-wordpress\/ -->\n<title>Mentions L\u00e9gales - Le Bouchon Provencal<\/title>\n<meta name=\"robots\" content=\"index, follow, max-snippet:-1, max-image-preview:large, max-video-preview:-1\" \/>\n<link rel=\"canonical\" href=\"https:\/\/www.lebouchonprovencal.com\/it\/mentions-legales\/\" \/>\n<meta property=\"og:locale\" content=\"it_IT\" \/>\n<meta property=\"og:type\" content=\"article\" \/>\n<meta property=\"og:title\" content=\"Mentions L\u00e9gales - Le Bouchon Provencal\" \/>\n<meta property=\"og:description\" content=\"Mentions l\u00e9gales Entreprise :Raison sociale :Le Bouchon ProvencalAdresse si\u00e8ge social : 6 Pl. aux Huiles, 13001 MarseilleNum\u00e9ro de t\u00e9l\u00e9phone : 04 91 33 44 92Num\u00e9ro de siret : 53509883400018 H\u00e9bergeurSoci\u00e9t\u00e9 KINSTA 8605 Santa Monica Blvd #92581, West Hollywood, CA 90069, Etats-Unis. T\u00e9l : +44 20 3239 3173. https:\/\/kinsta.com\/ CNILLe Bouchon Provencal \u00ab Les informations recueillies [&hellip;]\" \/>\n<meta property=\"og:url\" content=\"https:\/\/www.lebouchonprovencal.com\/it\/mentions-legales\/\" \/>\n<meta property=\"og:site_name\" content=\"Le Bouchon Provencal\" \/>\n<meta property=\"article:modified_time\" content=\"2023-07-25T15:48:23+00:00\" \/>\n<meta name=\"twitter:card\" content=\"summary_large_image\" \/>\n<meta name=\"twitter:label1\" content=\"Tempo di lettura stimato\" \/>\n\t<meta name=\"twitter:data1\" content=\"1 minuto\" \/>\n<script type=\"application\/ld+json\" class=\"yoast-schema-graph\">{\"@context\":\"https:\\\/\\\/schema.org\",\"@graph\":[{\"@type\":\"WebPage\",\"@id\":\"https:\\\/\\\/www.lebouchonprovencal.com\\\/mentions-legales\\\/\",\"url\":\"https:\\\/\\\/www.lebouchonprovencal.com\\\/mentions-legales\\\/\",\"name\":\"Mentions L\u00e9gales - Le Bouchon Provencal\",\"isPartOf\":{\"@id\":\"https:\\\/\\\/www.lebouchonprovencal.com\\\/#website\"},\"datePublished\":\"2023-07-25T15:43:26+00:00\",\"dateModified\":\"2023-07-25T15:48:23+00:00\",\"breadcrumb\":{\"@id\":\"https:\\\/\\\/www.lebouchonprovencal.com\\\/mentions-legales\\\/#breadcrumb\"},\"inLanguage\":\"it-IT\",\"potentialAction\":[{\"@type\":\"ReadAction\",\"target\":[\"https:\\\/\\\/www.lebouchonprovencal.com\\\/mentions-legales\\\/\"]}]},{\"@type\":\"BreadcrumbList\",\"@id\":\"https:\\\/\\\/www.lebouchonprovencal.com\\\/mentions-legales\\\/#breadcrumb\",\"itemListElement\":[{\"@type\":\"ListItem\",\"position\":1,\"name\":\"Home\",\"item\":\"https:\\\/\\\/www.lebouchonprovencal.com\\\/\"},{\"@type\":\"ListItem\",\"position\":2,\"name\":\"Mentions L\u00e9gales\"}]},{\"@type\":\"WebSite\",\"@id\":\"https:\\\/\\\/www.lebouchonprovencal.com\\\/#website\",\"url\":\"https:\\\/\\\/www.lebouchonprovencal.com\\\/\",\"name\":\"A CHANGER\",\"description\":\"\",\"publisher\":{\"@id\":\"https:\\\/\\\/www.lebouchonprovencal.com\\\/#organization\"},\"potentialAction\":[{\"@type\":\"SearchAction\",\"target\":{\"@type\":\"EntryPoint\",\"urlTemplate\":\"https:\\\/\\\/www.lebouchonprovencal.com\\\/?s={search_term_string}\"},\"query-input\":{\"@type\":\"PropertyValueSpecification\",\"valueRequired\":true,\"valueName\":\"search_term_string\"}}],\"inLanguage\":\"it-IT\"},{\"@type\":\"Organization\",\"@id\":\"https:\\\/\\\/www.lebouchonprovencal.com\\\/#organization\",\"name\":\"A CHANGER\",\"url\":\"https:\\\/\\\/www.lebouchonprovencal.com\\\/\",\"logo\":{\"@type\":\"ImageObject\",\"inLanguage\":\"it-IT\",\"@id\":\"https:\\\/\\\/www.lebouchonprovencal.com\\\/#\\\/schema\\\/logo\\\/image\\\/\",\"url\":\"https:\\\/\\\/www.lebouchonprovencal.com\\\/wp-content\\\/uploads\\\/logo-3-1.png\",\"contentUrl\":\"https:\\\/\\\/www.lebouchonprovencal.com\\\/wp-content\\\/uploads\\\/logo-3-1.png\",\"width\":487,\"height\":42,\"caption\":\"A CHANGER\"},\"image\":{\"@id\":\"https:\\\/\\\/www.lebouchonprovencal.com\\\/#\\\/schema\\\/logo\\\/image\\\/\"}}]}<\/script>\n<!-- \/ Yoast SEO plugin. -->","yoast_head_json":{"title":"Avviso legale - Le Bouchon Provencal","robots":{"index":"index","follow":"follow","max-snippet":"max-snippet:-1","max-image-preview":"max-image-preview:large","max-video-preview":"max-video-preview:-1"},"canonical":"https:\/\/www.lebouchonprovencal.com\/it\/mentions-legales\/","og_locale":"it_IT","og_type":"article","og_title":"Mentions L\u00e9gales - Le Bouchon Provencal","og_description":"Mentions l\u00e9gales Entreprise :Raison sociale :Le Bouchon ProvencalAdresse si\u00e8ge social : 6 Pl. aux Huiles, 13001 MarseilleNum\u00e9ro de t\u00e9l\u00e9phone : 04 91 33 44 92Num\u00e9ro de siret : 53509883400018 H\u00e9bergeurSoci\u00e9t\u00e9 KINSTA 8605 Santa Monica Blvd #92581, West Hollywood, CA 90069, Etats-Unis. T\u00e9l : +44 20 3239 3173. https:\/\/kinsta.com\/ CNILLe Bouchon Provencal \u00ab Les informations recueillies [&hellip;]","og_url":"https:\/\/www.lebouchonprovencal.com\/it\/mentions-legales\/","og_site_name":"Le Bouchon Provencal","article_modified_time":"2023-07-25T15:48:23+00:00","twitter_card":"summary_large_image","twitter_misc":{"Tempo di lettura stimato":"1 minuto"},"schema":{"@context":"https:\/\/schema.org","@graph":[{"@type":"WebPage","@id":"https:\/\/www.lebouchonprovencal.com\/mentions-legales\/","url":"https:\/\/www.lebouchonprovencal.com\/mentions-legales\/","name":"Avviso legale - Le Bouchon Provencal","isPartOf":{"@id":"https:\/\/www.lebouchonprovencal.com\/#website"},"datePublished":"2023-07-25T15:43:26+00:00","dateModified":"2023-07-25T15:48:23+00:00","breadcrumb":{"@id":"https:\/\/www.lebouchonprovencal.com\/mentions-legales\/#breadcrumb"},"inLanguage":"it-IT","potentialAction":[{"@type":"ReadAction","target":["https:\/\/www.lebouchonprovencal.com\/mentions-legales\/"]}]},{"@type":"BreadcrumbList","@id":"https:\/\/www.lebouchonprovencal.com\/mentions-legales\/#breadcrumb","itemListElement":[{"@type":"ListItem","position":1,"name":"Home","item":"https:\/\/www.lebouchonprovencal.com\/"},{"@type":"ListItem","position":2,"name":"Mentions L\u00e9gales"}]},{"@type":"WebSite","@id":"https:\/\/www.lebouchonprovencal.com\/#website","url":"https:\/\/www.lebouchonprovencal.com\/","name":"DA CAMBIARE","description":"","publisher":{"@id":"https:\/\/www.lebouchonprovencal.com\/#organization"},"potentialAction":[{"@type":"SearchAction","target":{"@type":"EntryPoint","urlTemplate":"https:\/\/www.lebouchonprovencal.com\/?s={search_term_string}"},"query-input":{"@type":"PropertyValueSpecification","valueRequired":true,"valueName":"search_term_string"}}],"inLanguage":"it-IT"},{"@type":"Organization","@id":"https:\/\/www.lebouchonprovencal.com\/#organization","name":"DA CAMBIARE","url":"https:\/\/www.lebouchonprovencal.com\/","logo":{"@type":"ImageObject","inLanguage":"it-IT","@id":"https:\/\/www.lebouchonprovencal.com\/#\/schema\/logo\/image\/","url":"https:\/\/www.lebouchonprovencal.com\/wp-content\/uploads\/logo-3-1.png","contentUrl":"https:\/\/www.lebouchonprovencal.com\/wp-content\/uploads\/logo-3-1.png","width":487,"height":42,"caption":"A CHANGER"},"image":{"@id":"https:\/\/www.lebouchonprovencal.com\/#\/schema\/logo\/image\/"}}]}},"_links":{"self":[{"href":"https:\/\/www.lebouchonprovencal.com\/it\/wp-json\/wp\/v2\/pages\/22542","targetHints":{"allow":["GET"]}}],"collection":[{"href":"https:\/\/www.lebouchonprovencal.com\/it\/wp-json\/wp\/v2\/pages"}],"about":[{"href":"https:\/\/www.lebouchonprovencal.com\/it\/wp-json\/wp\/v2\/types\/page"}],"author":[{"embeddable":true,"href":"https:\/\/www.lebouchonprovencal.com\/it\/wp-json\/wp\/v2\/users\/1"}],"replies":[{"embeddable":true,"href":"https:\/\/www.lebouchonprovencal.com\/it\/wp-json\/wp\/v2\/comments?post=22542"}],"version-history":[{"count":4,"href":"https:\/\/www.lebouchonprovencal.com\/it\/wp-json\/wp\/v2\/pages\/22542\/revisions"}],"predecessor-version":[{"id":22546,"href":"https:\/\/www.lebouchonprovencal.com\/it\/wp-json\/wp\/v2\/pages\/22542\/revisions\/22546"}],"wp:attachment":[{"href":"https:\/\/www.lebouchonprovencal.com\/it\/wp-json\/wp\/v2\/media?parent=22542"}],"curies":[{"name":"wp","href":"https:\/\/api.w.org\/{rel}","templated":true}]}}